{"id":3000,"date":"2025-09-26T09:30:56","date_gmt":"2025-09-26T07:30:56","guid":{"rendered":"https:\/\/pruebas.chebro100.com\/politica-de-privadesa\/"},"modified":"2025-11-17T11:39:57","modified_gmt":"2025-11-17T10:39:57","slug":"politica-de-privadesa","status":"publish","type":"page","link":"https:\/\/chebro100.com\/ca\/politica-de-privadesa\/","title":{"rendered":"Pol\u00edtica de privadesa"},"content":{"rendered":"\t\t<div data-elementor-type=\"wp-page\" data-elementor-id=\"3000\" class=\"elementor elementor-3000 elementor-1457\" data-elementor-post-type=\"page\">\n\t\t\t\t<div data-particle_enable=\"false\" data-particle-mobile-disabled=\"false\" class=\"elementor-element elementor-element-feff303 e-flex e-con-boxed e-con e-parent\" data-id=\"feff303\" data-element_type=\"container\" data-e-type=\"container\">\n\t\t\t\t\t<div class=\"e-con-inner\">\n\t\t\t\t<div class=\"elementor-element elementor-element-ce74cf9 elementor-widget elementor-widget-spacer\" data-id=\"ce74cf9\" data-element_type=\"widget\" data-e-type=\"widget\" data-widget_type=\"spacer.default\">\n\t\t\t\t\t\t\t<div class=\"elementor-spacer\">\n\t\t\t<div class=\"elementor-spacer-inner\"><\/div>\n\t\t<\/div>\n\t\t\t\t\t\t<\/div>\n\t\t\t\t<div class=\"elementor-element elementor-element-9848002 elementor-widget elementor-widget-heading\" data-id=\"9848002\" data-element_type=\"widget\" data-e-type=\"widget\" data-widget_type=\"heading.default\">\n\t\t\t\t\t<h1 class=\"elementor-heading-title elementor-size-default\">Pol\u00edtica de privadesa<\/h1>\t\t\t\t<\/div>\n\t\t\t\t<div class=\"elementor-element elementor-element-ad115e7 elementor-widget elementor-widget-spacer\" data-id=\"ad115e7\" data-element_type=\"widget\" data-e-type=\"widget\" data-widget_type=\"spacer.default\">\n\t\t\t\t\t\t\t<div class=\"elementor-spacer\">\n\t\t\t<div class=\"elementor-spacer-inner\"><\/div>\n\t\t<\/div>\n\t\t\t\t\t\t<\/div>\n\t\t\t\t\t<\/div>\n\t\t\t\t<\/div>\n\t\t<div data-particle_enable=\"false\" data-particle-mobile-disabled=\"false\" class=\"elementor-element elementor-element-018bb9b e-flex e-con-boxed e-con e-parent\" data-id=\"018bb9b\" data-element_type=\"container\" data-e-type=\"container\">\n\t\t\t\t\t<div class=\"e-con-inner\">\n\t\t\t\t<div class=\"elementor-element elementor-element-779c134 elementor-widget elementor-widget-text-editor\" data-id=\"779c134\" data-element_type=\"widget\" data-e-type=\"widget\" data-widget_type=\"text-editor.default\">\n\t\t\t\t\t\t\t\t\t<p>La nostra pol\u00edtica de privadesa descriu com recollim, guardem o utilitzem la informaci\u00f3 que recaptem a trav\u00e9s dels diferents serveis o p\u00e0gines disponibles en aquest lloc. \u00c9s important que entengueu quina informaci\u00f3 recollim i com la utilitzem ja que l&#8217;acc\u00e9s a aquest lloc web implica l&#8217;acceptaci\u00f3 de la nostra pol\u00edtica de privadesa. <\/p><h4>Estad\u00edstiques d&#8217;\u00fas<\/h4><p>A trav\u00e9s d&#8217;aquest lloc web no es demanen dades de car\u00e0cter personal dels usuaris sense el seu coneixement, ni se cedeixen a tercers. El lloc web de la CHE utilitza un servei d&#8217;anal\u00edtica web que instal\u00b7la galetes temporalment amb l&#8217;\u00fanica i exclusiva finalitat d&#8217;elaborar informes de car\u00e0cter estad\u00edstic. Les cookies s\u00f3n fitxers creats al navegador de l&#8217;usuari per registrar la seva activitat al lloc web. Una galeta no identifica una persona, sin\u00f3 una combinaci\u00f3 de computador-navegador-usuari, tenen una vig\u00e8ncia temporal limitada i en cap cas s&#8217;utilitzen per recollir informaci\u00f3 de car\u00e0cter personal. Per navegar per aquest lloc web no \u00e9s necessari que permeteu la instal\u00b7laci\u00f3 d&#8217;aquestes cookies: podeu deshabilitar-les directament al vostre navegador. A cada navegador l&#8217;operativa diferent, la funci\u00f3 de &#8216;Ajuda&#8217; us mostrar\u00e0 com fer-ho.     <\/p><h4>Tractament de dades<\/h4><p>Les dades de car\u00e0cter personal seran tractades de forma confidencial i quedaran incorporades a la corresponent activitat de tractament titularitat de la Confederaci\u00f3 Hidrogr\u00e0fica de l&#8217;Ebre. L&#8217;article 30.1 del Reglament General de Protecci\u00f3 de Dades 2016\/679 (RGPD) estableix que cada responsable i, si escau, el seu representant portar\u00e0 un Registre de les activitats de tractament efectuades sota la seva responsabilitat. En conseq\u00fc\u00e8ncia, hem elaborat un Registre d&#8217;Activitats de Tractament, que \u00e9s una llista de tots els tractaments realitzats i una descripci\u00f3 detallada dels mateixos. Aix\u00ed mateix, dacord amb lart. 31.2 de la Llei Org\u00e0nica 3\/2018, del 5 de desembre, de Protecci\u00f3 de Dades Personals i garantia dels drets digitals hem procedit a publicar aquest inventari fent-ho accessible per mitjans electr\u00f2nics.<br> Podeu consultar el <a href=\"https:\/\/www.chebro.es\/web\/guest\/registro-de-actividades-de-tratamiento-de-datos\">Registre d&#8217;Activitats de Tractament de la Confederaci\u00f3 Hidrogr\u00e0fica de l&#8217;Ebre aqu\u00ed<\/a>   <\/p><h4>Drets dels interessats<\/h4><p>Podeu exercitar els vostres drets d&#8217;acc\u00e9s, rectificaci\u00f3 i supressi\u00f3 de les vostres dades personals, de limitaci\u00f3 i oposici\u00f3 al tractament de les vostres dades aix\u00ed com a no ser objecte de decisions basades \u00fanicament en el tractament automatitzat de les vostres dades, quan escaiguen, davant la Confederaci\u00f3 Hidrogr\u00e0fica de l&#8217;Ebre, Passeig Sagasta, 24-26, 50071 -Zaragoza-es.<\/p><h4>Reclamacions<\/h4><p>Aix\u00ed mateix, si considereu vulnerats els vostres drets, podreu presentar una reclamaci\u00f3 de tutela davant l&#8217;Ag\u00e8ncia Espanyola de Protecci\u00f3 de Dades <a href=\"https:\/\/sedeaepd.gob.es\/\">https:\/\/sedeagpd.gob.es<\/a><\/p>\t\t\t\t\t\t\t\t<\/div>\n\t\t\t\t\t<\/div>\n\t\t\t\t<\/div>\n\t\t<div data-particle_enable=\"false\" data-particle-mobile-disabled=\"false\" class=\"elementor-element elementor-element-29a5802 e-flex e-con-boxed e-con e-parent\" data-id=\"29a5802\" data-element_type=\"container\" data-e-type=\"container\">\n\t\t\t\t\t<div class=\"e-con-inner\">\n\t\t\t\t<div class=\"elementor-element elementor-element-d10b829 elementor-widget elementor-widget-spacer\" data-id=\"d10b829\" data-element_type=\"widget\" data-e-type=\"widget\" data-widget_type=\"spacer.default\">\n\t\t\t\t\t\t\t<div class=\"elementor-spacer\">\n\t\t\t<div class=\"elementor-spacer-inner\"><\/div>\n\t\t<\/div>\n\t\t\t\t\t\t<\/div>\n\t\t\t\t\t<\/div>\n\t\t\t\t<\/div>\n\t\t\t\t<\/div>\n\t\t","protected":false},"excerpt":{"rendered":"<p>Pol\u00edtica de privadesa La nostra pol\u00edtica de privadesa descriu com recollim, guardem o utilitzem la informaci\u00f3 que recaptem a trav\u00e9s dels diferents serveis o p\u00e0gines disponibles en aquest lloc. \u00c9s [&hellip;]<\/p>\n","protected":false},"author":1,"featured_media":0,"parent":0,"menu_order":0,"comment_status":"closed","ping_status":"closed","template":"","meta":{"_acf_changed":false,"_EventAllDay":false,"_EventTimezone":"","_EventStartDate":"","_EventEndDate":"","_EventStartDateUTC":"","_EventEndDateUTC":"","_EventShowMap":false,"_EventShowMapLink":false,"_EventURL":"","_EventCost":"","_EventCostDescription":"","_EventCurrencySymbol":"","_EventCurrencyCode":"","_EventCurrencyPosition":"","_EventDateTimeSeparator":"","_EventTimeRangeSeparator":"","_EventOrganizerID":[],"_EventVenueID":[],"_OrganizerEmail":"","_OrganizerPhone":"","_OrganizerWebsite":"","_VenueAddress":"","_VenueCity":"","_VenueCountry":"","_VenueProvince":"","_VenueState":"","_VenueZip":"","_VenuePhone":"","_VenueURL":"","_VenueStateProvince":"","_VenueLat":"","_VenueLng":"","_VenueShowMap":false,"_VenueShowMapLink":false,"footnotes":""},"class_list":["post-3000","page","type-page","status-publish","hentry"],"acf":[],"yoast_head":"<!-- This site is optimized with the Yoast SEO plugin v27.3 - https:\/\/yoast.com\/product\/yoast-seo-wordpress\/ -->\n<title>Pol\u00edtica de privadesa - Chebro100<\/title>\n<meta name=\"robots\" content=\"index, follow, max-snippet:-1, max-image-preview:large, max-video-preview:-1\" \/>\n<link rel=\"canonical\" href=\"https:\/\/chebro100.com\/ca\/politica-de-privadesa\/\" \/>\n<meta property=\"og:locale\" content=\"ca_ES\" \/>\n<meta property=\"og:type\" content=\"article\" \/>\n<meta property=\"og:title\" content=\"Pol\u00edtica de privadesa - Chebro100\" \/>\n<meta property=\"og:description\" content=\"Pol\u00edtica de privadesa La nostra pol\u00edtica de privadesa descriu com recollim, guardem o utilitzem la informaci\u00f3 que recaptem a trav\u00e9s dels diferents serveis o p\u00e0gines disponibles en aquest lloc. \u00c9s [&hellip;]\" \/>\n<meta property=\"og:url\" content=\"https:\/\/chebro100.com\/ca\/politica-de-privadesa\/\" \/>\n<meta property=\"og:site_name\" content=\"Chebro100\" \/>\n<meta property=\"article:modified_time\" content=\"2025-11-17T10:39:57+00:00\" \/>\n<meta name=\"twitter:card\" content=\"summary_large_image\" \/>\n<meta name=\"twitter:label1\" content=\"Temps estimat de lectura\" \/>\n\t<meta name=\"twitter:data1\" content=\"2 minuts\" \/>\n<script type=\"application\/ld+json\" class=\"yoast-schema-graph\">{\"@context\":\"https:\\\/\\\/schema.org\",\"@graph\":[{\"@type\":\"WebPage\",\"@id\":\"https:\\\/\\\/chebro100.com\\\/ca\\\/politica-de-privadesa\\\/\",\"url\":\"https:\\\/\\\/chebro100.com\\\/ca\\\/politica-de-privadesa\\\/\",\"name\":\"Pol\u00edtica de privadesa - Chebro100\",\"isPartOf\":{\"@id\":\"https:\\\/\\\/chebro100.com\\\/ca\\\/#website\"},\"datePublished\":\"2025-09-26T07:30:56+00:00\",\"dateModified\":\"2025-11-17T10:39:57+00:00\",\"breadcrumb\":{\"@id\":\"https:\\\/\\\/chebro100.com\\\/ca\\\/politica-de-privadesa\\\/#breadcrumb\"},\"inLanguage\":\"ca\",\"potentialAction\":[{\"@type\":\"ReadAction\",\"target\":[\"https:\\\/\\\/chebro100.com\\\/ca\\\/politica-de-privadesa\\\/\"]}]},{\"@type\":\"BreadcrumbList\",\"@id\":\"https:\\\/\\\/chebro100.com\\\/ca\\\/politica-de-privadesa\\\/#breadcrumb\",\"itemListElement\":[{\"@type\":\"ListItem\",\"position\":1,\"name\":\"Portada\",\"item\":\"https:\\\/\\\/chebro100.com\\\/ca\\\/\"},{\"@type\":\"ListItem\",\"position\":2,\"name\":\"Pol\u00edtica de privadesa\"}]},{\"@type\":\"WebSite\",\"@id\":\"https:\\\/\\\/chebro100.com\\\/ca\\\/#website\",\"url\":\"https:\\\/\\\/chebro100.com\\\/ca\\\/\",\"name\":\"Chebro100\",\"description\":\"\",\"publisher\":{\"@id\":\"https:\\\/\\\/chebro100.com\\\/ca\\\/#organization\"},\"potentialAction\":[{\"@type\":\"SearchAction\",\"target\":{\"@type\":\"EntryPoint\",\"urlTemplate\":\"https:\\\/\\\/chebro100.com\\\/ca\\\/?s={search_term_string}\"},\"query-input\":{\"@type\":\"PropertyValueSpecification\",\"valueRequired\":true,\"valueName\":\"search_term_string\"}}],\"inLanguage\":\"ca\"},{\"@type\":\"Organization\",\"@id\":\"https:\\\/\\\/chebro100.com\\\/ca\\\/#organization\",\"name\":\"Chebro100\",\"url\":\"https:\\\/\\\/chebro100.com\\\/ca\\\/\",\"logo\":{\"@type\":\"ImageObject\",\"inLanguage\":\"ca\",\"@id\":\"https:\\\/\\\/chebro100.com\\\/ca\\\/#\\\/schema\\\/logo\\\/image\\\/\",\"url\":\"https:\\\/\\\/chebro100.com\\\/wp-content\\\/uploads\\\/2025\\\/08\\\/Logotipo-centenario-variaciones_Color-con-claim_Color-logotipo-e1754302328400.png\",\"contentUrl\":\"https:\\\/\\\/chebro100.com\\\/wp-content\\\/uploads\\\/2025\\\/08\\\/Logotipo-centenario-variaciones_Color-con-claim_Color-logotipo-e1754302328400.png\",\"width\":2450,\"height\":792,\"caption\":\"Chebro100\"},\"image\":{\"@id\":\"https:\\\/\\\/chebro100.com\\\/ca\\\/#\\\/schema\\\/logo\\\/image\\\/\"}}]}<\/script>\n<!-- \/ Yoast SEO plugin. -->","yoast_head_json":{"title":"Pol\u00edtica de privadesa - Chebro100","robots":{"index":"index","follow":"follow","max-snippet":"max-snippet:-1","max-image-preview":"max-image-preview:large","max-video-preview":"max-video-preview:-1"},"canonical":"https:\/\/chebro100.com\/ca\/politica-de-privadesa\/","og_locale":"ca_ES","og_type":"article","og_title":"Pol\u00edtica de privadesa - Chebro100","og_description":"Pol\u00edtica de privadesa La nostra pol\u00edtica de privadesa descriu com recollim, guardem o utilitzem la informaci\u00f3 que recaptem a trav\u00e9s dels diferents serveis o p\u00e0gines disponibles en aquest lloc. \u00c9s [&hellip;]","og_url":"https:\/\/chebro100.com\/ca\/politica-de-privadesa\/","og_site_name":"Chebro100","article_modified_time":"2025-11-17T10:39:57+00:00","twitter_card":"summary_large_image","twitter_misc":{"Temps estimat de lectura":"2 minuts"},"schema":{"@context":"https:\/\/schema.org","@graph":[{"@type":"WebPage","@id":"https:\/\/chebro100.com\/ca\/politica-de-privadesa\/","url":"https:\/\/chebro100.com\/ca\/politica-de-privadesa\/","name":"Pol\u00edtica de privadesa - Chebro100","isPartOf":{"@id":"https:\/\/chebro100.com\/ca\/#website"},"datePublished":"2025-09-26T07:30:56+00:00","dateModified":"2025-11-17T10:39:57+00:00","breadcrumb":{"@id":"https:\/\/chebro100.com\/ca\/politica-de-privadesa\/#breadcrumb"},"inLanguage":"ca","potentialAction":[{"@type":"ReadAction","target":["https:\/\/chebro100.com\/ca\/politica-de-privadesa\/"]}]},{"@type":"BreadcrumbList","@id":"https:\/\/chebro100.com\/ca\/politica-de-privadesa\/#breadcrumb","itemListElement":[{"@type":"ListItem","position":1,"name":"Portada","item":"https:\/\/chebro100.com\/ca\/"},{"@type":"ListItem","position":2,"name":"Pol\u00edtica de privadesa"}]},{"@type":"WebSite","@id":"https:\/\/chebro100.com\/ca\/#website","url":"https:\/\/chebro100.com\/ca\/","name":"Chebro100","description":"","publisher":{"@id":"https:\/\/chebro100.com\/ca\/#organization"},"potentialAction":[{"@type":"SearchAction","target":{"@type":"EntryPoint","urlTemplate":"https:\/\/chebro100.com\/ca\/?s={search_term_string}"},"query-input":{"@type":"PropertyValueSpecification","valueRequired":true,"valueName":"search_term_string"}}],"inLanguage":"ca"},{"@type":"Organization","@id":"https:\/\/chebro100.com\/ca\/#organization","name":"Chebro100","url":"https:\/\/chebro100.com\/ca\/","logo":{"@type":"ImageObject","inLanguage":"ca","@id":"https:\/\/chebro100.com\/ca\/#\/schema\/logo\/image\/","url":"https:\/\/chebro100.com\/wp-content\/uploads\/2025\/08\/Logotipo-centenario-variaciones_Color-con-claim_Color-logotipo-e1754302328400.png","contentUrl":"https:\/\/chebro100.com\/wp-content\/uploads\/2025\/08\/Logotipo-centenario-variaciones_Color-con-claim_Color-logotipo-e1754302328400.png","width":2450,"height":792,"caption":"Chebro100"},"image":{"@id":"https:\/\/chebro100.com\/ca\/#\/schema\/logo\/image\/"}}]}},"_links":{"self":[{"href":"https:\/\/chebro100.com\/ca\/wp-json\/wp\/v2\/pages\/3000","targetHints":{"allow":["GET"]}}],"collection":[{"href":"https:\/\/chebro100.com\/ca\/wp-json\/wp\/v2\/pages"}],"about":[{"href":"https:\/\/chebro100.com\/ca\/wp-json\/wp\/v2\/types\/page"}],"author":[{"embeddable":true,"href":"https:\/\/chebro100.com\/ca\/wp-json\/wp\/v2\/users\/1"}],"replies":[{"embeddable":true,"href":"https:\/\/chebro100.com\/ca\/wp-json\/wp\/v2\/comments?post=3000"}],"version-history":[{"count":1,"href":"https:\/\/chebro100.com\/ca\/wp-json\/wp\/v2\/pages\/3000\/revisions"}],"predecessor-version":[{"id":3002,"href":"https:\/\/chebro100.com\/ca\/wp-json\/wp\/v2\/pages\/3000\/revisions\/3002"}],"wp:attachment":[{"href":"https:\/\/chebro100.com\/ca\/wp-json\/wp\/v2\/media?parent=3000"}],"curies":[{"name":"wp","href":"https:\/\/api.w.org\/{rel}","templated":true}]}}