{"id":2997,"date":"2025-09-26T09:20:16","date_gmt":"2025-09-26T07:20:16","guid":{"rendered":"https:\/\/pruebas.chebro100.com\/politica-de-cookies\/"},"modified":"2025-11-17T11:39:57","modified_gmt":"2025-11-17T10:39:57","slug":"politica-de-cookies","status":"publish","type":"page","link":"https:\/\/chebro100.com\/ca\/politica-de-cookies\/","title":{"rendered":"Pol\u00edtica de Cookies"},"content":{"rendered":"\t\t<div data-elementor-type=\"wp-page\" data-elementor-id=\"2997\" class=\"elementor elementor-2997 elementor-1444\" data-elementor-post-type=\"page\">\n\t\t\t\t<div data-particle_enable=\"false\" data-particle-mobile-disabled=\"false\" class=\"elementor-element elementor-element-feff303 e-flex e-con-boxed e-con e-parent\" data-id=\"feff303\" data-element_type=\"container\" data-e-type=\"container\">\n\t\t\t\t\t<div class=\"e-con-inner\">\n\t\t\t\t<div class=\"elementor-element elementor-element-ce74cf9 elementor-widget elementor-widget-spacer\" data-id=\"ce74cf9\" data-element_type=\"widget\" data-e-type=\"widget\" data-widget_type=\"spacer.default\">\n\t\t\t\t\t\t\t<div class=\"elementor-spacer\">\n\t\t\t<div class=\"elementor-spacer-inner\"><\/div>\n\t\t<\/div>\n\t\t\t\t\t\t<\/div>\n\t\t\t\t<div class=\"elementor-element elementor-element-9848002 elementor-widget elementor-widget-heading\" data-id=\"9848002\" data-element_type=\"widget\" data-e-type=\"widget\" data-widget_type=\"heading.default\">\n\t\t\t\t\t<h1 class=\"elementor-heading-title elementor-size-default\">Pol\u00edtica de Cookies<\/h1>\t\t\t\t<\/div>\n\t\t\t\t<div class=\"elementor-element elementor-element-ad115e7 elementor-widget elementor-widget-spacer\" data-id=\"ad115e7\" data-element_type=\"widget\" data-e-type=\"widget\" data-widget_type=\"spacer.default\">\n\t\t\t\t\t\t\t<div class=\"elementor-spacer\">\n\t\t\t<div class=\"elementor-spacer-inner\"><\/div>\n\t\t<\/div>\n\t\t\t\t\t\t<\/div>\n\t\t\t\t\t<\/div>\n\t\t\t\t<\/div>\n\t\t<div data-particle_enable=\"false\" data-particle-mobile-disabled=\"false\" class=\"elementor-element elementor-element-018bb9b e-flex e-con-boxed e-con e-parent\" data-id=\"018bb9b\" data-element_type=\"container\" data-e-type=\"container\">\n\t\t\t\t\t<div class=\"e-con-inner\">\n\t\t\t\t<div class=\"elementor-element elementor-element-779c134 elementor-widget elementor-widget-text-editor\" data-id=\"779c134\" data-element_type=\"widget\" data-e-type=\"widget\" data-widget_type=\"text-editor.default\">\n\t\t\t\t\t\t\t\t\t<p>INFORMACI\u00d3 B\u00c0SICA SOBRE LES COOKIES<\/p><ul><li><strong>El que has de saber sobre les galetes<\/strong><\/li><\/ul><blockquote><p>Les cookies (galetes) s\u00f3n petits arxius que guarden informaci\u00f3 als dispositius dels Usuaris que usen la nostra Web.<\/p><p>Les galetes s&#8217;associen amb el navegador d&#8217;un ordinador o dispositiu determinat. Gr\u00e0cies a elles, \u00e9s possible que la CHE reconegui els navegadors dels Usuaris; tamb\u00e9 serveixen per determinar les seves prefer\u00e8ncies de navegaci\u00f3 i, a partir d&#8217;aix\u00f2, avaluar-ne les prefer\u00e8ncies i les poden utilitzar com a indicadors, tot aix\u00f2 per millorar l&#8217;oferta de serveis. <\/p><\/blockquote><ul><li><strong>L&#8217;acceptaci\u00f3 de les cookies a la CHE<\/strong><\/li><\/ul><blockquote><p>La Llei 34\/2002, d&#8217;11 de juliol, de Societat de la Informaci\u00f3 i Comer\u00e7 Electr\u00f2nic (d&#8217;ara endavant, LSSICE) en relaci\u00f3 amb les cookies exigeix \u200b\u200bque els Usuaris siguin informats amb car\u00e0cter previ a l&#8217;experi\u00e8ncia de navegaci\u00f3 a la plataforma sobre l&#8217;\u00fas, tipus i finalitat de les cookies. Aquesta \u00e9s la ra\u00f3 per la qual hem implementat un av\u00eds informatiu que es desplega un cop accedeix a la nostra Web, informant-lo de manera pr\u00e8via, donant-li l&#8217;opci\u00f3 que esculli les cookies que permet i acceptant-les expressament, complint aix\u00ed amb els criteris establerts pel Comit\u00e8 Europeu de Protecci\u00f3 de Dades i la <a href=\"https:\/\/www.aepd.es\/sites\/default\/files\/2020-07\/guia-cookies.pdf\">Guia sobre l&#8217;\u00fas de cookies publicada per la 2.<\/a> <\/p><\/blockquote><p>INFORMACI\u00d3 DETALLADA SOBRE LES COOKIES<\/p><ul><li><strong>Galetes t\u00e8cniques o funcionals<\/strong> :<\/li><\/ul><blockquote><p>S\u00f3n aquelles que permeten a l&#8217;usuari la navegaci\u00f3 a trav\u00e9s d&#8217;una p\u00e0gina web, plataforma o aplicaci\u00f3 i la utilitzaci\u00f3 de les diferents opcions o serveis que hi hagi, incloent-hi aquelles que l&#8217;editor utilitza per permetre la gesti\u00f3 i operativa de la p\u00e0gina web i habilitar les seves funcions i serveis, com ara controlar el tr\u00e0nsit i la comunicaci\u00f3 de dades, identificar la sessi\u00f3, accedir a parts d&#8217;acc\u00e9s restringit, recordar els elements el pagament, controlar el frau vinculat a la seguretat del servei, realitzar la sol\u00b7licitud d&#8217;inscripci\u00f3 o participaci\u00f3 en un esdeveniment, comptar visites a efectes de la facturaci\u00f3 de llic\u00e8ncies del programari amb qu\u00e8 funciona el servei (lloc web, plataforma o aplicaci\u00f3), utilitzar elements de seguretat durant la navegaci\u00f3, emmagatzemar continguts per a la difusi\u00f3 de v\u00eddeos o so, habilitar continguts din\u00e0mics (per exemple, animaci\u00f3 de c\u00e0rrega).<\/p><p>Tamb\u00e9 pertanyen a aquesta categoria, per la seva naturalesa t\u00e8cnica, aquelles galetes que permeten la gesti\u00f3, de la forma m\u00e9s efica\u00e7 possible, dels espais publicitaris que, com un element m\u00e9s de disseny o \u201cmaquetaci\u00f3\u201d del servei ofert a l&#8217;usuari, l&#8217;editor hagi incl\u00f2s en una p\u00e0gina web, aplicaci\u00f3 o plataforma en base a criteris com el contingut editat, sense que es recopili informaci\u00f3 dels usuaris amb finalitats diferents, com ara.<\/p><p><em>*Les galetes t\u00e8cniques estaran exceptuades del compliment de les obligacions establertes a l&#8217;article 22.2 de la LSSI quan permetin prestar el servei sol\u00b7licitat per l&#8217;usuari, com passa en el cas de les galetes enumerades en els par\u00e0grafs anteriors. No obstant aix\u00f2, si aquestes galetes s&#8217;utilitzen tamb\u00e9 per a finalitats no exemptes (per exemple, per a fins publicitaris comportamentals), quedaran subjectes a aquestes obligacions. <\/em><\/p><\/blockquote><ul><li><strong>Cookies de prefer\u00e8ncies o personalitzaci\u00f3<\/strong> :<\/li><\/ul><blockquote><p>S\u00f3n aquelles que permeten recordar la informaci\u00f3 perqu\u00e8 l&#8217;usuari accedeixi al servei amb determinades caracter\u00edstiques que poden diferenciar la seva experi\u00e8ncia de la d&#8217;altres usuaris, com ara l&#8217;idioma, el nombre de resultats a mostrar quan l&#8217;usuari fa una cerca, l&#8217;aspecte o el contingut del servei en funci\u00f3 del tipus de navegador a trav\u00e9s del qual l&#8217;usuari accedeix al servei o de la regi\u00f3 des de la qual accedeix al servei, etc.<\/p><p><em>*Si \u00e9s el mateix usuari qui tria aquestes caracter\u00edstiques (per exemple, si seleccioneu l&#8217;idioma d&#8217;un lloc web clicant a la icona de la bandera del pa\u00eds corresponent), les galetes estaran exceptuades de les obligacions de l&#8217;article 22.2 de la LSSI per considerar-se un servei expressament sol\u00b7licitat per l&#8217;usuari, i aix\u00f2 sempre que les galetes obeeixin exclusivament a la finalitat seleccionada.<\/em><\/p><\/blockquote><ul><li><strong>Galetes d&#8217;an\u00e0lisi o mesura<\/strong> :<\/li><\/ul><blockquote><p>S\u00f3n aquelles que permeten al responsable de les mateixes el seguiment i an\u00e0lisi del comportament dels usuaris dels llocs web als quals estan vinculades, inclosa la quantificaci\u00f3 dels impactes dels anuncis. La informaci\u00f3 recollida mitjan\u00e7ant aquest tipus de galetes s&#8217;utilitza en el mesurament de l&#8217;activitat dels llocs web, aplicaci\u00f3 o plataforma, per introduir millores en funci\u00f3 de l&#8217;an\u00e0lisi de les dades d&#8217;\u00fas que fan els usuaris del servei. <\/p><p><em>*Aquest tipus de cookies, malgrat que no estiguin exemptes del deure d&#8217;obtenir un consentiment informat per al seu \u00fas, el GT29 va manifestar que \u00e9s poc probable que representin un risc per a la privadesa dels usuaris sempre que es tracta de primera part, que tractin dades agregades amb una finalitat estrictament estad\u00edstica, que es faciliti la informaci\u00f3 sobre els seus usos i s&#8217;inclogui la seva utilitzaci\u00f3.<\/em><\/p><\/blockquote><ul><li><strong>Cookie de publicitat comportamental<\/strong> :<\/li><\/ul><blockquote><p>S\u00f3n aquelles que emmagatzemen informaci\u00f3 del comportament dels usuaris obtinguda a trav\u00e9s de l&#8217;observaci\u00f3 continuada dels seus h\u00e0bits de navegaci\u00f3, cosa que permet desenvolupar un perfil espec\u00edfic per mostrar-ne publicitat de funci\u00f3.<\/p><\/blockquote><ul><li><strong>Les cookies que utilitzem a la CHE<\/strong><\/li><\/ul><blockquote><p>A la taula que apareix a continuaci\u00f3 s&#8217;inclouen els detalls, finalitat, el tipus i les classes de cookies que hem implementat a la nostra plataforma. Per a la seva comprensi\u00f3, detallem a continuaci\u00f3 els tipus de galetes que poden ser utilitzades si ens d\u00f3nes el teu consentiment: <br><br><\/p><\/blockquote><div class=\"table-responsive\"><table class=\"table\"><tbody><tr><td><p><strong>Nom<\/strong><\/p><\/td><td><p><strong>Domini<\/strong><\/p><\/td><td><p><strong>Objectiu\/ Finalitat<\/strong><\/p><\/td><td><p><strong>Durada<\/strong><\/p><\/td><td><p><strong>Tipus (pr\u00f2pies\/ tercers)<\/strong><\/p><\/td><\/tr><tr><td><p><strong>JSESSIONID<\/strong><\/p><\/td><td><p>chebro.es<\/p><\/td><td><p>Aquestes galetes s\u00f3n identificadors de sessi\u00f3 proporcionats pel gestor de continguts del portal. S&#8217;utilitzen per identificar un usuari que navegui per la nostra p\u00e0gina web. <\/p><\/td><td><p>1 dia<\/p><\/td><td><p>Funcional i Personalitzaci\u00f3<\/p><\/td><\/tr><tr><td><p><strong>cookify<\/strong><\/p><\/td><td><p>chebro.es<\/p><\/td><td><p>Emmagatzema les prefer\u00e8ncies del consentiment de l&#8217;usuari sobre les galetes<\/p><\/td><td><p>1 any<\/p><\/td><td><p>Funcional i Personalitzaci\u00f3<\/p><\/td><\/tr><tr><td><p><strong>_ga<\/strong><\/p><\/td><td><p>chebro.es<\/p><\/td><td><p>Aquesta cookie \u00e9s instal\u00b7lada per Google Analytics. S&#8217;uso per distingir els usuaris <\/p><\/td><td><p>2 anys<\/p><\/td><td><p>Anal\u00edtica<\/p><\/td><\/tr><tr><td><p><strong>_gid<\/strong><\/p><\/td><td><p>chebro.es<\/p><\/td><td><p>Aquesta cookie \u00e9s instal\u00b7lada per Google Analytics. S&#8217;usa per saber el nombre de visitants, com usen la web i saber si funciona correctament <\/p><\/td><td><p>1 dia<\/p><\/td><td><p>Anal\u00edtica<\/p><\/td><\/tr><\/tbody><\/table><\/div><p><strong>COM DESINSTAL\u00b7LAR LES COOKIES?<\/strong><\/p><p>Si un usuari desitja desinstal\u00b7lar les cookies utilitzades a www.chebro.es<strong> <\/strong>del vostre navegador, a continuaci\u00f3, us deixem les instruccions per a diferents navegadors:<\/p><ul><li><p>Per a m\u00e9s informaci\u00f3 sobre Internet Explorer premi <a href=\"http:\/\/windows.microsoft.com\/es-xl\/internet-explorer\/delete-manage-cookies#ie=%22ie-10%22\">aqu\u00ed<\/a> .<\/p><p><em>(https:\/\/support.microsoft.com\/en-us\/help\/17442\/windows-internet-explorer-delete-manage-cookies#ie=%22ie-10%22)<\/em><\/p><\/li><li><p>Per a m\u00e9s informaci\u00f3 sobre Microsoft Edge premi <a href=\"https:\/\/privacy.microsoft.com\/es-es\/windows-10-microsoft-edge-and-privacy\">aqu\u00ed<\/a> .<\/p><p><em>(https:\/\/support.microsoft.com\/en-us\/help\/4468242\/microsoft-edge-browsing-data-and-privacy)<\/em><\/p><\/li><li><p>Per a m\u00e9s informaci\u00f3 sobre Firefox feu clic <a href=\"http:\/\/support.mozilla.org\/es\/kb\/Borrar%20cookies\">aqu\u00ed<\/a> .<\/p><p><em>(https:\/\/support.mozilla.org\/es\/kb\/Esborrar%20cookies)<\/em><\/p><\/li><li><p>Per a m\u00e9s informaci\u00f3 sobre Chrome feu clic <a href=\"http:\/\/support.google.com\/chrome\/answer\/95647?hl=%22es%22\">aqu\u00ed<\/a> .<\/p><p><em>(https:\/\/support.google.com\/chrome\/answer\/95647?hl=%22es%22)<\/em><\/p><\/li><li><p>Per a m\u00e9s informaci\u00f3 sobre Safari premi <a href=\"http:\/\/www.apple.com\/es\/privacy\/use-of-cookies\/\">aqu\u00ed<\/a> .<\/p><p><em>(https:\/\/www.apple.com\/legal\/privacy\/es\/cookies\/)<\/em><\/p><\/li><\/ul>\t\t\t\t\t\t\t\t<\/div>\n\t\t\t\t\t<\/div>\n\t\t\t\t<\/div>\n\t\t<div data-particle_enable=\"false\" data-particle-mobile-disabled=\"false\" class=\"elementor-element elementor-element-29a5802 e-flex e-con-boxed e-con e-parent\" data-id=\"29a5802\" data-element_type=\"container\" data-e-type=\"container\">\n\t\t\t\t\t<div class=\"e-con-inner\">\n\t\t\t\t<div class=\"elementor-element elementor-element-d10b829 elementor-widget elementor-widget-spacer\" data-id=\"d10b829\" data-element_type=\"widget\" data-e-type=\"widget\" data-widget_type=\"spacer.default\">\n\t\t\t\t\t\t\t<div class=\"elementor-spacer\">\n\t\t\t<div class=\"elementor-spacer-inner\"><\/div>\n\t\t<\/div>\n\t\t\t\t\t\t<\/div>\n\t\t\t\t\t<\/div>\n\t\t\t\t<\/div>\n\t\t\t\t<\/div>\n\t\t","protected":false},"excerpt":{"rendered":"<p>Pol\u00edtica de Cookies INFORMACI\u00d3 B\u00c0SICA SOBRE LES COOKIES El que has de saber sobre les galetes Les cookies (galetes) s\u00f3n petits arxius que guarden informaci\u00f3 als dispositius dels Usuaris que [&hellip;]<\/p>\n","protected":false},"author":1,"featured_media":0,"parent":0,"menu_order":0,"comment_status":"closed","ping_status":"closed","template":"","meta":{"_acf_changed":false,"_EventAllDay":false,"_EventTimezone":"","_EventStartDate":"","_EventEndDate":"","_EventStartDateUTC":"","_EventEndDateUTC":"","_EventShowMap":false,"_EventShowMapLink":false,"_EventURL":"","_EventCost":"","_EventCostDescription":"","_EventCurrencySymbol":"","_EventCurrencyCode":"","_EventCurrencyPosition":"","_EventDateTimeSeparator":"","_EventTimeRangeSeparator":"","_EventOrganizerID":[],"_EventVenueID":[],"_OrganizerEmail":"","_OrganizerPhone":"","_OrganizerWebsite":"","_VenueAddress":"","_VenueCity":"","_VenueCountry":"","_VenueProvince":"","_VenueState":"","_VenueZip":"","_VenuePhone":"","_VenueURL":"","_VenueStateProvince":"","_VenueLat":"","_VenueLng":"","_VenueShowMap":false,"_VenueShowMapLink":false,"footnotes":""},"class_list":["post-2997","page","type-page","status-publish","hentry"],"acf":[],"yoast_head":"<!-- This site is optimized with the Yoast SEO plugin v27.3 - https:\/\/yoast.com\/product\/yoast-seo-wordpress\/ -->\n<title>Pol\u00edtica de Cookies - Chebro100<\/title>\n<meta name=\"robots\" content=\"index, follow, max-snippet:-1, max-image-preview:large, max-video-preview:-1\" \/>\n<link rel=\"canonical\" href=\"https:\/\/chebro100.com\/ca\/politica-de-cookies\/\" \/>\n<meta property=\"og:locale\" content=\"ca_ES\" \/>\n<meta property=\"og:type\" content=\"article\" \/>\n<meta property=\"og:title\" content=\"Pol\u00edtica de Cookies - Chebro100\" \/>\n<meta property=\"og:description\" content=\"Pol\u00edtica de Cookies INFORMACI\u00d3 B\u00c0SICA SOBRE LES COOKIES El que has de saber sobre les galetes Les cookies (galetes) s\u00f3n petits arxius que guarden informaci\u00f3 als dispositius dels Usuaris que [&hellip;]\" \/>\n<meta property=\"og:url\" content=\"https:\/\/chebro100.com\/ca\/politica-de-cookies\/\" \/>\n<meta property=\"og:site_name\" content=\"Chebro100\" \/>\n<meta property=\"article:modified_time\" content=\"2025-11-17T10:39:57+00:00\" \/>\n<meta name=\"twitter:card\" content=\"summary_large_image\" \/>\n<meta name=\"twitter:label1\" content=\"Temps estimat de lectura\" \/>\n\t<meta name=\"twitter:data1\" content=\"6 minuts\" \/>\n<script type=\"application\/ld+json\" class=\"yoast-schema-graph\">{\"@context\":\"https:\\\/\\\/schema.org\",\"@graph\":[{\"@type\":\"WebPage\",\"@id\":\"https:\\\/\\\/chebro100.com\\\/ca\\\/politica-de-cookies\\\/\",\"url\":\"https:\\\/\\\/chebro100.com\\\/ca\\\/politica-de-cookies\\\/\",\"name\":\"Pol\u00edtica de Cookies - Chebro100\",\"isPartOf\":{\"@id\":\"https:\\\/\\\/chebro100.com\\\/ca\\\/#website\"},\"datePublished\":\"2025-09-26T07:20:16+00:00\",\"dateModified\":\"2025-11-17T10:39:57+00:00\",\"breadcrumb\":{\"@id\":\"https:\\\/\\\/chebro100.com\\\/ca\\\/politica-de-cookies\\\/#breadcrumb\"},\"inLanguage\":\"ca\",\"potentialAction\":[{\"@type\":\"ReadAction\",\"target\":[\"https:\\\/\\\/chebro100.com\\\/ca\\\/politica-de-cookies\\\/\"]}]},{\"@type\":\"BreadcrumbList\",\"@id\":\"https:\\\/\\\/chebro100.com\\\/ca\\\/politica-de-cookies\\\/#breadcrumb\",\"itemListElement\":[{\"@type\":\"ListItem\",\"position\":1,\"name\":\"Portada\",\"item\":\"https:\\\/\\\/chebro100.com\\\/ca\\\/\"},{\"@type\":\"ListItem\",\"position\":2,\"name\":\"Pol\u00edtica de Cookies\"}]},{\"@type\":\"WebSite\",\"@id\":\"https:\\\/\\\/chebro100.com\\\/ca\\\/#website\",\"url\":\"https:\\\/\\\/chebro100.com\\\/ca\\\/\",\"name\":\"Chebro100\",\"description\":\"\",\"publisher\":{\"@id\":\"https:\\\/\\\/chebro100.com\\\/ca\\\/#organization\"},\"potentialAction\":[{\"@type\":\"SearchAction\",\"target\":{\"@type\":\"EntryPoint\",\"urlTemplate\":\"https:\\\/\\\/chebro100.com\\\/ca\\\/?s={search_term_string}\"},\"query-input\":{\"@type\":\"PropertyValueSpecification\",\"valueRequired\":true,\"valueName\":\"search_term_string\"}}],\"inLanguage\":\"ca\"},{\"@type\":\"Organization\",\"@id\":\"https:\\\/\\\/chebro100.com\\\/ca\\\/#organization\",\"name\":\"Chebro100\",\"url\":\"https:\\\/\\\/chebro100.com\\\/ca\\\/\",\"logo\":{\"@type\":\"ImageObject\",\"inLanguage\":\"ca\",\"@id\":\"https:\\\/\\\/chebro100.com\\\/ca\\\/#\\\/schema\\\/logo\\\/image\\\/\",\"url\":\"https:\\\/\\\/chebro100.com\\\/wp-content\\\/uploads\\\/2025\\\/08\\\/Logotipo-centenario-variaciones_Color-con-claim_Color-logotipo-e1754302328400.png\",\"contentUrl\":\"https:\\\/\\\/chebro100.com\\\/wp-content\\\/uploads\\\/2025\\\/08\\\/Logotipo-centenario-variaciones_Color-con-claim_Color-logotipo-e1754302328400.png\",\"width\":2450,\"height\":792,\"caption\":\"Chebro100\"},\"image\":{\"@id\":\"https:\\\/\\\/chebro100.com\\\/ca\\\/#\\\/schema\\\/logo\\\/image\\\/\"}}]}<\/script>\n<!-- \/ Yoast SEO plugin. -->","yoast_head_json":{"title":"Pol\u00edtica de Cookies - Chebro100","robots":{"index":"index","follow":"follow","max-snippet":"max-snippet:-1","max-image-preview":"max-image-preview:large","max-video-preview":"max-video-preview:-1"},"canonical":"https:\/\/chebro100.com\/ca\/politica-de-cookies\/","og_locale":"ca_ES","og_type":"article","og_title":"Pol\u00edtica de Cookies - Chebro100","og_description":"Pol\u00edtica de Cookies INFORMACI\u00d3 B\u00c0SICA SOBRE LES COOKIES El que has de saber sobre les galetes Les cookies (galetes) s\u00f3n petits arxius que guarden informaci\u00f3 als dispositius dels Usuaris que [&hellip;]","og_url":"https:\/\/chebro100.com\/ca\/politica-de-cookies\/","og_site_name":"Chebro100","article_modified_time":"2025-11-17T10:39:57+00:00","twitter_card":"summary_large_image","twitter_misc":{"Temps estimat de lectura":"6 minuts"},"schema":{"@context":"https:\/\/schema.org","@graph":[{"@type":"WebPage","@id":"https:\/\/chebro100.com\/ca\/politica-de-cookies\/","url":"https:\/\/chebro100.com\/ca\/politica-de-cookies\/","name":"Pol\u00edtica de Cookies - Chebro100","isPartOf":{"@id":"https:\/\/chebro100.com\/ca\/#website"},"datePublished":"2025-09-26T07:20:16+00:00","dateModified":"2025-11-17T10:39:57+00:00","breadcrumb":{"@id":"https:\/\/chebro100.com\/ca\/politica-de-cookies\/#breadcrumb"},"inLanguage":"ca","potentialAction":[{"@type":"ReadAction","target":["https:\/\/chebro100.com\/ca\/politica-de-cookies\/"]}]},{"@type":"BreadcrumbList","@id":"https:\/\/chebro100.com\/ca\/politica-de-cookies\/#breadcrumb","itemListElement":[{"@type":"ListItem","position":1,"name":"Portada","item":"https:\/\/chebro100.com\/ca\/"},{"@type":"ListItem","position":2,"name":"Pol\u00edtica de Cookies"}]},{"@type":"WebSite","@id":"https:\/\/chebro100.com\/ca\/#website","url":"https:\/\/chebro100.com\/ca\/","name":"Chebro100","description":"","publisher":{"@id":"https:\/\/chebro100.com\/ca\/#organization"},"potentialAction":[{"@type":"SearchAction","target":{"@type":"EntryPoint","urlTemplate":"https:\/\/chebro100.com\/ca\/?s={search_term_string}"},"query-input":{"@type":"PropertyValueSpecification","valueRequired":true,"valueName":"search_term_string"}}],"inLanguage":"ca"},{"@type":"Organization","@id":"https:\/\/chebro100.com\/ca\/#organization","name":"Chebro100","url":"https:\/\/chebro100.com\/ca\/","logo":{"@type":"ImageObject","inLanguage":"ca","@id":"https:\/\/chebro100.com\/ca\/#\/schema\/logo\/image\/","url":"https:\/\/chebro100.com\/wp-content\/uploads\/2025\/08\/Logotipo-centenario-variaciones_Color-con-claim_Color-logotipo-e1754302328400.png","contentUrl":"https:\/\/chebro100.com\/wp-content\/uploads\/2025\/08\/Logotipo-centenario-variaciones_Color-con-claim_Color-logotipo-e1754302328400.png","width":2450,"height":792,"caption":"Chebro100"},"image":{"@id":"https:\/\/chebro100.com\/ca\/#\/schema\/logo\/image\/"}}]}},"_links":{"self":[{"href":"https:\/\/chebro100.com\/ca\/wp-json\/wp\/v2\/pages\/2997","targetHints":{"allow":["GET"]}}],"collection":[{"href":"https:\/\/chebro100.com\/ca\/wp-json\/wp\/v2\/pages"}],"about":[{"href":"https:\/\/chebro100.com\/ca\/wp-json\/wp\/v2\/types\/page"}],"author":[{"embeddable":true,"href":"https:\/\/chebro100.com\/ca\/wp-json\/wp\/v2\/users\/1"}],"replies":[{"embeddable":true,"href":"https:\/\/chebro100.com\/ca\/wp-json\/wp\/v2\/comments?post=2997"}],"version-history":[{"count":1,"href":"https:\/\/chebro100.com\/ca\/wp-json\/wp\/v2\/pages\/2997\/revisions"}],"predecessor-version":[{"id":2999,"href":"https:\/\/chebro100.com\/ca\/wp-json\/wp\/v2\/pages\/2997\/revisions\/2999"}],"wp:attachment":[{"href":"https:\/\/chebro100.com\/ca\/wp-json\/wp\/v2\/media?parent=2997"}],"curies":[{"name":"wp","href":"https:\/\/api.w.org\/{rel}","templated":true}]}}