{"id":2993,"date":"2025-09-26T09:17:27","date_gmt":"2025-09-26T07:17:27","guid":{"rendered":"https:\/\/pruebas.chebro100.com\/avis-legal\/"},"modified":"2025-11-17T11:39:57","modified_gmt":"2025-11-17T10:39:57","slug":"avis-legal","status":"publish","type":"page","link":"https:\/\/chebro100.com\/ca\/avis-legal\/","title":{"rendered":"Av\u00eds Legal"},"content":{"rendered":"\t\t<div data-elementor-type=\"wp-page\" data-elementor-id=\"2993\" class=\"elementor elementor-2993 elementor-1438\" data-elementor-post-type=\"page\">\n\t\t\t\t<div data-particle_enable=\"false\" data-particle-mobile-disabled=\"false\" class=\"elementor-element elementor-element-feff303 e-flex e-con-boxed e-con e-parent\" data-id=\"feff303\" data-element_type=\"container\" data-e-type=\"container\">\n\t\t\t\t\t<div class=\"e-con-inner\">\n\t\t\t\t<div class=\"elementor-element elementor-element-ce74cf9 elementor-widget elementor-widget-spacer\" data-id=\"ce74cf9\" data-element_type=\"widget\" data-e-type=\"widget\" data-widget_type=\"spacer.default\">\n\t\t\t\t\t\t\t<div class=\"elementor-spacer\">\n\t\t\t<div class=\"elementor-spacer-inner\"><\/div>\n\t\t<\/div>\n\t\t\t\t\t\t<\/div>\n\t\t\t\t<div class=\"elementor-element elementor-element-9848002 elementor-widget elementor-widget-heading\" data-id=\"9848002\" data-element_type=\"widget\" data-e-type=\"widget\" data-widget_type=\"heading.default\">\n\t\t\t\t\t<h1 class=\"elementor-heading-title elementor-size-default\">Av\u00eds Legal\n<\/h1>\t\t\t\t<\/div>\n\t\t\t\t<div class=\"elementor-element elementor-element-ad115e7 elementor-widget elementor-widget-spacer\" data-id=\"ad115e7\" data-element_type=\"widget\" data-e-type=\"widget\" data-widget_type=\"spacer.default\">\n\t\t\t\t\t\t\t<div class=\"elementor-spacer\">\n\t\t\t<div class=\"elementor-spacer-inner\"><\/div>\n\t\t<\/div>\n\t\t\t\t\t\t<\/div>\n\t\t\t\t\t<\/div>\n\t\t\t\t<\/div>\n\t\t<div data-particle_enable=\"false\" data-particle-mobile-disabled=\"false\" class=\"elementor-element elementor-element-018bb9b e-flex e-con-boxed e-con e-parent\" data-id=\"018bb9b\" data-element_type=\"container\" data-e-type=\"container\">\n\t\t\t\t\t<div class=\"e-con-inner\">\n\t\t\t\t<div class=\"elementor-element elementor-element-779c134 elementor-widget elementor-widget-text-editor\" data-id=\"779c134\" data-element_type=\"widget\" data-e-type=\"widget\" data-widget_type=\"text-editor.default\">\n\t\t\t\t\t\t\t\t\t<p>Aquest Portal compleix la funci\u00f3 d&#8217;informaci\u00f3 general i atenci\u00f3 al ciutad\u00e0 en els termes establerts a la Llei 27\/2006 de 18 de juliol, per la qual es regulen els drets d&#8217;acc\u00e9s a la informaci\u00f3, de participaci\u00f3 p\u00fablica i d&#8217;acc\u00e9s a la just\u00edcia en mat\u00e8ria de medi ambient, en particular a l&#8217;article 8; la Llei 37\/2007 sobre reutilitzaci\u00f3 de la informaci\u00f3 del sector p\u00fablic i el seu Reglament de desenvolupament, Reial decret 1495\/2011, en particular l&#8217;article 7 aix\u00ed com l&#8217;article 4 del Reial decret 208\/1996, de 9 de febrer, pel qual es regulen els serveis d&#8217;informaci\u00f3 administrativa i d&#8217;atenci\u00f3 al ciutad\u00e0.<\/p><p>La Confederaci\u00f3 Hidrogr\u00e0fica de l&#8217;Ebre es reserva el dret, en qualsevol moment i sense pr\u00e8via notificaci\u00f3 a l&#8217;usuari, a modificar ampliar o suspendre temporalment la presentaci\u00f3, configuraci\u00f3, especificacions t\u00e8cniques i serveis del lloc web, de manera unilateral, per la qual cosa no garanteix la disponibilitat ni la continu\u00eftat del funcionament del servidor, i exclou tota responsabilitat pels danys i perjudicis causats per les interrupcions o les perjudicis.<\/p><p>La informaci\u00f3 que ofereix la p\u00e0gina web \u00e9s de car\u00e0cter general i no aborda circumst\u00e0ncies espec\u00edfiques relatives a persones o organismes concrets, sense que en cap cas se&#8217;n pugui derivar cap efecte jur\u00eddic vinculant. Les dades contingudes a la p\u00e0gina web s&#8217;ofereixen \u00fanicament a t\u00edtol informatiu i no tenen car\u00e0cter oficial. \u00danicament es consideren aut\u00e8ntics els textos legals publicats a les edicions impreses dels Butlletins o Diaris Oficials respectius.  <\/p><p>La informaci\u00f3 i els continguts d&#8217;aquest web no podran ser al\u00b7legats en processos contradictoris amb l&#8217;Administraci\u00f3 P\u00fablica.<\/p><p>La Confederaci\u00f3 Hidrogr\u00e0fica de l&#8217;Ebre no es responsabilitza dels eventuals errors tipogr\u00e0fics, formals o num\u00e8rics que pugui contenir el lloc web, ni de l&#8217;exactitud o actualitat de la informaci\u00f3 continguda en ell, ni de la defraudaci\u00f3 de les expectatives generades que poguessin produir-se en algun moment per les dades i documents facilitats aqu\u00ed.<\/p><p>La Confederaci\u00f3 Hidrogr\u00e0fica de l&#8217;Ebre exclou tota responsabilitat per qualsevol dany o perjudici en el programari o maquinari de l&#8217;usuari que es pugui derivar de l&#8217;acc\u00e9s a aquest lloc o de l&#8217;\u00fas, la transmissi\u00f3, la difusi\u00f3 o l&#8217;emmagatzematge de la informaci\u00f3 o les aplicacions que cont\u00e9.<\/p><p>Els hiperenlla\u00e7os continguts al lloc web de Confederaci\u00f3 Hidrogr\u00e0fica de l&#8217;Ebre poden dirigir a p\u00e0gines web de tercers, sobre les quals Confederaci\u00f3 Hidrogr\u00e0fica de l&#8217;Ebre no exerceix cap control, per la qual cosa no assumeix cap responsabilitat pel contingut, les informacions o els serveis que poguessin apar\u00e8ixer en aquests llocs.<\/p><p>L&#8217;usuari s&#8217;obliga a accedir al lloc web ia utilitzar els seus continguts de forma diligent, correcta i l\u00edcita i, en particular, es compromet a fer \u00fas de les utilitats i\/o serveis oferts a trav\u00e9s del lloc web de conformitat amb la legalitat vigent a cada moment, aix\u00ed com amb la bona fe, la moral i els bons costums generalment acceptats i l&#8217;ordre p\u00fablic.<\/p><p>L&#8217;usuari no podr\u00e0 fer servir aquest lloc web amb cap finalitat o prop\u00f2sit que sigui il\u00b7legal o estigui prohibit, quedant prohibida qualsevol actuaci\u00f3 en perjudici de la Confederaci\u00f3 Hidrogr\u00e0fica de l&#8217;Ebre o de tercers.<\/p><p>Especialment l&#8217;usuari no podr\u00e0 accedir al Lloc Web de manera que danyi, deteriori, inutilitzi o sobrecarregui els serveis i\/o informaci\u00f3 oferta, no podr\u00e0 interferir l&#8217;\u00fas d&#8217;aquests serveis i\/o informaci\u00f3 per altres tercers, no podr\u00e0 intentar l&#8217;acc\u00e9s ni accedir a llocs, serveis, sistemes inform\u00e0tics del lloc web oa xarxes connectades al lloc web sense autoritzaci\u00f3. per qualsevol altre mitj\u00e0 no autoritzat.<\/p><p>Els menors d&#8217;edat han d&#8217;obtenir pr\u00e8viament perm\u00eds dels pares, tutors o representants legals, per fer \u00fas dels serveis oferts. La responsabilitat en la determinaci\u00f3 dels continguts i serveis a qu\u00e8 accedeixen els menors d&#8217;edat correspon a les persones a c\u00e0rrec de les quals es troben. Com que a trav\u00e9s d&#8217;Internet \u00e9s possible accedir a continguts que poden ser inadequats per a menors, s&#8217;informa els usuaris de l&#8217;exist\u00e8ncia de programes inform\u00e0tics que permeten limitar o controlar els continguts a qu\u00e8 poden accedir els menors.  <\/p><p>Aquesta p\u00e0gina web no ofereix assessorament professional o jur\u00eddic. Per a consultes d&#8217;aquest tipus, dirigiu-vos sempre a un professional degudament qualificat. <\/p><p>Llevat que s&#8217;indiqui el contrari, la reproducci\u00f3 queda autoritzada sempre que se&#8217;n citi l&#8217;origen. En els casos en qu\u00e8 el Confederaci\u00f3 Hidrogr\u00e0fica de l&#8217;Ebre adverteixi sobre l&#8217;exig\u00e8ncia d&#8217;una autoritzaci\u00f3 pr\u00e8via i per escrit per a la reproducci\u00f3 o \u00fas d&#8217;informaci\u00f3 textual o multim\u00e8dia (sons, imatges, programes, etc.), aquest advertiment cancel\u00b7lar\u00e0 l&#8217;autoritzaci\u00f3 gen\u00e8rica abans esmentada. <\/p>\t\t\t\t\t\t\t\t<\/div>\n\t\t\t\t\t<\/div>\n\t\t\t\t<\/div>\n\t\t<div data-particle_enable=\"false\" data-particle-mobile-disabled=\"false\" class=\"elementor-element elementor-element-34db920 e-flex e-con-boxed e-con e-parent\" data-id=\"34db920\" data-element_type=\"container\" data-e-type=\"container\">\n\t\t\t\t\t<div class=\"e-con-inner\">\n\t\t\t\t<div class=\"elementor-element elementor-element-1a58b3d elementor-widget elementor-widget-spacer\" data-id=\"1a58b3d\" data-element_type=\"widget\" data-e-type=\"widget\" data-widget_type=\"spacer.default\">\n\t\t\t\t\t\t\t<div class=\"elementor-spacer\">\n\t\t\t<div class=\"elementor-spacer-inner\"><\/div>\n\t\t<\/div>\n\t\t\t\t\t\t<\/div>\n\t\t\t\t\t<\/div>\n\t\t\t\t<\/div>\n\t\t\t\t<\/div>\n\t\t","protected":false},"excerpt":{"rendered":"<p>Av\u00eds Legal Aquest Portal compleix la funci\u00f3 d&#8217;informaci\u00f3 general i atenci\u00f3 al ciutad\u00e0 en els termes establerts a la Llei 27\/2006 de 18 de juliol, per la qual es regulen [&hellip;]<\/p>\n","protected":false},"author":1,"featured_media":0,"parent":0,"menu_order":0,"comment_status":"closed","ping_status":"closed","template":"","meta":{"_acf_changed":false,"_EventAllDay":false,"_EventTimezone":"","_EventStartDate":"","_EventEndDate":"","_EventStartDateUTC":"","_EventEndDateUTC":"","_EventShowMap":false,"_EventShowMapLink":false,"_EventURL":"","_EventCost":"","_EventCostDescription":"","_EventCurrencySymbol":"","_EventCurrencyCode":"","_EventCurrencyPosition":"","_EventDateTimeSeparator":"","_EventTimeRangeSeparator":"","_EventOrganizerID":[],"_EventVenueID":[],"_OrganizerEmail":"","_OrganizerPhone":"","_OrganizerWebsite":"","_VenueAddress":"","_VenueCity":"","_VenueCountry":"","_VenueProvince":"","_VenueState":"","_VenueZip":"","_VenuePhone":"","_VenueURL":"","_VenueStateProvince":"","_VenueLat":"","_VenueLng":"","_VenueShowMap":false,"_VenueShowMapLink":false,"footnotes":""},"class_list":["post-2993","page","type-page","status-publish","hentry"],"acf":[],"yoast_head":"<!-- This site is optimized with the Yoast SEO plugin v27.3 - https:\/\/yoast.com\/product\/yoast-seo-wordpress\/ -->\n<title>Av\u00eds Legal - Chebro100<\/title>\n<meta name=\"robots\" content=\"index, follow, max-snippet:-1, max-image-preview:large, max-video-preview:-1\" \/>\n<link rel=\"canonical\" href=\"https:\/\/chebro100.com\/ca\/avis-legal\/\" \/>\n<meta property=\"og:locale\" content=\"ca_ES\" \/>\n<meta property=\"og:type\" content=\"article\" \/>\n<meta property=\"og:title\" content=\"Av\u00eds Legal - Chebro100\" \/>\n<meta property=\"og:description\" content=\"Av\u00eds Legal Aquest Portal compleix la funci\u00f3 d&#8217;informaci\u00f3 general i atenci\u00f3 al ciutad\u00e0 en els termes establerts a la Llei 27\/2006 de 18 de juliol, per la qual es regulen [&hellip;]\" \/>\n<meta property=\"og:url\" content=\"https:\/\/chebro100.com\/ca\/avis-legal\/\" \/>\n<meta property=\"og:site_name\" content=\"Chebro100\" \/>\n<meta property=\"article:modified_time\" content=\"2025-11-17T10:39:57+00:00\" \/>\n<meta name=\"twitter:card\" content=\"summary_large_image\" \/>\n<meta name=\"twitter:label1\" content=\"Temps estimat de lectura\" \/>\n\t<meta name=\"twitter:data1\" content=\"4 minuts\" \/>\n<script type=\"application\/ld+json\" class=\"yoast-schema-graph\">{\"@context\":\"https:\\\/\\\/schema.org\",\"@graph\":[{\"@type\":\"WebPage\",\"@id\":\"https:\\\/\\\/chebro100.com\\\/ca\\\/avis-legal\\\/\",\"url\":\"https:\\\/\\\/chebro100.com\\\/ca\\\/avis-legal\\\/\",\"name\":\"Av\u00eds Legal - Chebro100\",\"isPartOf\":{\"@id\":\"https:\\\/\\\/chebro100.com\\\/ca\\\/#website\"},\"datePublished\":\"2025-09-26T07:17:27+00:00\",\"dateModified\":\"2025-11-17T10:39:57+00:00\",\"breadcrumb\":{\"@id\":\"https:\\\/\\\/chebro100.com\\\/ca\\\/avis-legal\\\/#breadcrumb\"},\"inLanguage\":\"ca\",\"potentialAction\":[{\"@type\":\"ReadAction\",\"target\":[\"https:\\\/\\\/chebro100.com\\\/ca\\\/avis-legal\\\/\"]}]},{\"@type\":\"BreadcrumbList\",\"@id\":\"https:\\\/\\\/chebro100.com\\\/ca\\\/avis-legal\\\/#breadcrumb\",\"itemListElement\":[{\"@type\":\"ListItem\",\"position\":1,\"name\":\"Portada\",\"item\":\"https:\\\/\\\/chebro100.com\\\/ca\\\/\"},{\"@type\":\"ListItem\",\"position\":2,\"name\":\"Av\u00eds Legal\"}]},{\"@type\":\"WebSite\",\"@id\":\"https:\\\/\\\/chebro100.com\\\/ca\\\/#website\",\"url\":\"https:\\\/\\\/chebro100.com\\\/ca\\\/\",\"name\":\"Chebro100\",\"description\":\"\",\"publisher\":{\"@id\":\"https:\\\/\\\/chebro100.com\\\/ca\\\/#organization\"},\"potentialAction\":[{\"@type\":\"SearchAction\",\"target\":{\"@type\":\"EntryPoint\",\"urlTemplate\":\"https:\\\/\\\/chebro100.com\\\/ca\\\/?s={search_term_string}\"},\"query-input\":{\"@type\":\"PropertyValueSpecification\",\"valueRequired\":true,\"valueName\":\"search_term_string\"}}],\"inLanguage\":\"ca\"},{\"@type\":\"Organization\",\"@id\":\"https:\\\/\\\/chebro100.com\\\/ca\\\/#organization\",\"name\":\"Chebro100\",\"url\":\"https:\\\/\\\/chebro100.com\\\/ca\\\/\",\"logo\":{\"@type\":\"ImageObject\",\"inLanguage\":\"ca\",\"@id\":\"https:\\\/\\\/chebro100.com\\\/ca\\\/#\\\/schema\\\/logo\\\/image\\\/\",\"url\":\"https:\\\/\\\/chebro100.com\\\/wp-content\\\/uploads\\\/2025\\\/08\\\/Logotipo-centenario-variaciones_Color-con-claim_Color-logotipo-e1754302328400.png\",\"contentUrl\":\"https:\\\/\\\/chebro100.com\\\/wp-content\\\/uploads\\\/2025\\\/08\\\/Logotipo-centenario-variaciones_Color-con-claim_Color-logotipo-e1754302328400.png\",\"width\":2450,\"height\":792,\"caption\":\"Chebro100\"},\"image\":{\"@id\":\"https:\\\/\\\/chebro100.com\\\/ca\\\/#\\\/schema\\\/logo\\\/image\\\/\"}}]}<\/script>\n<!-- \/ Yoast SEO plugin. -->","yoast_head_json":{"title":"Av\u00eds Legal - Chebro100","robots":{"index":"index","follow":"follow","max-snippet":"max-snippet:-1","max-image-preview":"max-image-preview:large","max-video-preview":"max-video-preview:-1"},"canonical":"https:\/\/chebro100.com\/ca\/avis-legal\/","og_locale":"ca_ES","og_type":"article","og_title":"Av\u00eds Legal - Chebro100","og_description":"Av\u00eds Legal Aquest Portal compleix la funci\u00f3 d&#8217;informaci\u00f3 general i atenci\u00f3 al ciutad\u00e0 en els termes establerts a la Llei 27\/2006 de 18 de juliol, per la qual es regulen [&hellip;]","og_url":"https:\/\/chebro100.com\/ca\/avis-legal\/","og_site_name":"Chebro100","article_modified_time":"2025-11-17T10:39:57+00:00","twitter_card":"summary_large_image","twitter_misc":{"Temps estimat de lectura":"4 minuts"},"schema":{"@context":"https:\/\/schema.org","@graph":[{"@type":"WebPage","@id":"https:\/\/chebro100.com\/ca\/avis-legal\/","url":"https:\/\/chebro100.com\/ca\/avis-legal\/","name":"Av\u00eds Legal - Chebro100","isPartOf":{"@id":"https:\/\/chebro100.com\/ca\/#website"},"datePublished":"2025-09-26T07:17:27+00:00","dateModified":"2025-11-17T10:39:57+00:00","breadcrumb":{"@id":"https:\/\/chebro100.com\/ca\/avis-legal\/#breadcrumb"},"inLanguage":"ca","potentialAction":[{"@type":"ReadAction","target":["https:\/\/chebro100.com\/ca\/avis-legal\/"]}]},{"@type":"BreadcrumbList","@id":"https:\/\/chebro100.com\/ca\/avis-legal\/#breadcrumb","itemListElement":[{"@type":"ListItem","position":1,"name":"Portada","item":"https:\/\/chebro100.com\/ca\/"},{"@type":"ListItem","position":2,"name":"Av\u00eds Legal"}]},{"@type":"WebSite","@id":"https:\/\/chebro100.com\/ca\/#website","url":"https:\/\/chebro100.com\/ca\/","name":"Chebro100","description":"","publisher":{"@id":"https:\/\/chebro100.com\/ca\/#organization"},"potentialAction":[{"@type":"SearchAction","target":{"@type":"EntryPoint","urlTemplate":"https:\/\/chebro100.com\/ca\/?s={search_term_string}"},"query-input":{"@type":"PropertyValueSpecification","valueRequired":true,"valueName":"search_term_string"}}],"inLanguage":"ca"},{"@type":"Organization","@id":"https:\/\/chebro100.com\/ca\/#organization","name":"Chebro100","url":"https:\/\/chebro100.com\/ca\/","logo":{"@type":"ImageObject","inLanguage":"ca","@id":"https:\/\/chebro100.com\/ca\/#\/schema\/logo\/image\/","url":"https:\/\/chebro100.com\/wp-content\/uploads\/2025\/08\/Logotipo-centenario-variaciones_Color-con-claim_Color-logotipo-e1754302328400.png","contentUrl":"https:\/\/chebro100.com\/wp-content\/uploads\/2025\/08\/Logotipo-centenario-variaciones_Color-con-claim_Color-logotipo-e1754302328400.png","width":2450,"height":792,"caption":"Chebro100"},"image":{"@id":"https:\/\/chebro100.com\/ca\/#\/schema\/logo\/image\/"}}]}},"_links":{"self":[{"href":"https:\/\/chebro100.com\/ca\/wp-json\/wp\/v2\/pages\/2993","targetHints":{"allow":["GET"]}}],"collection":[{"href":"https:\/\/chebro100.com\/ca\/wp-json\/wp\/v2\/pages"}],"about":[{"href":"https:\/\/chebro100.com\/ca\/wp-json\/wp\/v2\/types\/page"}],"author":[{"embeddable":true,"href":"https:\/\/chebro100.com\/ca\/wp-json\/wp\/v2\/users\/1"}],"replies":[{"embeddable":true,"href":"https:\/\/chebro100.com\/ca\/wp-json\/wp\/v2\/comments?post=2993"}],"version-history":[{"count":1,"href":"https:\/\/chebro100.com\/ca\/wp-json\/wp\/v2\/pages\/2993\/revisions"}],"predecessor-version":[{"id":2995,"href":"https:\/\/chebro100.com\/ca\/wp-json\/wp\/v2\/pages\/2993\/revisions\/2995"}],"wp:attachment":[{"href":"https:\/\/chebro100.com\/ca\/wp-json\/wp\/v2\/media?parent=2993"}],"curies":[{"name":"wp","href":"https:\/\/api.w.org\/{rel}","templated":true}]}}