{"id":2977,"date":"2025-09-04T08:35:46","date_gmt":"2025-09-04T06:35:46","guid":{"rendered":"https:\/\/pruebas.chebro100.com\/subscripcio-al-butlleti\/"},"modified":"2026-02-24T16:40:19","modified_gmt":"2026-02-24T15:40:19","slug":"subscripcio-al-butlleti","status":"publish","type":"page","link":"https:\/\/chebro100.com\/ca\/subscripcio-al-butlleti\/","title":{"rendered":"Subscripci\u00f3 al butllet\u00ed"},"content":{"rendered":"\t\t<div data-elementor-type=\"wp-page\" data-elementor-id=\"2977\" class=\"elementor elementor-2977 elementor-619\" data-elementor-post-type=\"page\">\n\t\t\t\t<div data-particle_enable=\"false\" data-particle-mobile-disabled=\"false\" class=\"elementor-element elementor-element-402224d e-flex e-con-boxed e-con e-parent\" data-id=\"402224d\" data-element_type=\"container\" data-e-type=\"container\" data-settings=\"{&quot;background_background&quot;:&quot;classic&quot;}\">\n\t\t\t\t\t<div class=\"e-con-inner\">\n\t\t\t\t<div class=\"elementor-element elementor-element-ab28cac elementor-widget elementor-widget-spacer\" data-id=\"ab28cac\" data-element_type=\"widget\" data-e-type=\"widget\" data-widget_type=\"spacer.default\">\n\t\t\t\t\t\t\t<div class=\"elementor-spacer\">\n\t\t\t<div class=\"elementor-spacer-inner\"><\/div>\n\t\t<\/div>\n\t\t\t\t\t\t<\/div>\n\t\t\t\t<div class=\"elementor-element elementor-element-ac5cfe1 elementor-headline--style-highlight elementor-widget elementor-widget-animated-headline\" data-id=\"ac5cfe1\" data-element_type=\"widget\" data-e-type=\"widget\" data-settings=\"{&quot;marker&quot;:&quot;underline_zigzag&quot;,&quot;highlighted_text&quot;:&quot;butllet\\u00ed&quot;,&quot;headline_style&quot;:&quot;highlight&quot;,&quot;loop&quot;:&quot;yes&quot;,&quot;highlight_animation_duration&quot;:1200,&quot;highlight_iteration_delay&quot;:8000}\" data-widget_type=\"animated-headline.default\">\n\t\t\t\t\t\t\t<h3 class=\"elementor-headline\">\n\t\t\t\t\t<span class=\"elementor-headline-plain-text elementor-headline-text-wrapper\">Subscriu-te al nostre<\/span>\n\t\t\t\t<span class=\"elementor-headline-dynamic-wrapper elementor-headline-text-wrapper\">\n\t\t\t\t\t<span class=\"elementor-headline-dynamic-text elementor-headline-text-active\">butllet\u00ed<\/span>\n\t\t\t\t<\/span>\n\t\t\t\t<\/h3>\n\t\t\t\t\t\t<\/div>\n\t\t\t\t<div class=\"elementor-element elementor-element-3beae49 elementor-widget__width-initial elementor-widget elementor-widget-text-editor\" data-id=\"3beae49\" data-element_type=\"widget\" data-e-type=\"widget\" data-widget_type=\"text-editor.default\">\n\t\t\t\t\t\t\t\t\t<p>Mantente informat\/a de les novetats del centenari de la Confederaci\u00f3n Hidrogr\u00e1fica del Ebro<\/p>\t\t\t\t\t\t\t\t<\/div>\n\t\t\t\t<div class=\"elementor-element elementor-element-49c6f66 elementor-widget elementor-widget-spacer\" data-id=\"49c6f66\" data-element_type=\"widget\" data-e-type=\"widget\" data-widget_type=\"spacer.default\">\n\t\t\t\t\t\t\t<div class=\"elementor-spacer\">\n\t\t\t<div class=\"elementor-spacer-inner\"><\/div>\n\t\t<\/div>\n\t\t\t\t\t\t<\/div>\n\t\t\t\t\t<\/div>\n\t\t\t\t<\/div>\n\t\t<div data-particle_enable=\"false\" data-particle-mobile-disabled=\"false\" class=\"elementor-element elementor-element-07e69e1 e-flex e-con-boxed e-con e-parent\" data-id=\"07e69e1\" data-element_type=\"container\" data-e-type=\"container\" data-settings=\"{&quot;background_background&quot;:&quot;classic&quot;}\">\n\t\t\t\t\t<div class=\"e-con-inner\">\n\t\t\t\t<div class=\"elementor-element elementor-element-06e0cd6 eael-contact-form-7-button-full-width elementor-widget__width-initial elementor-widget elementor-widget-eael-contact-form-7\" data-id=\"06e0cd6\" data-element_type=\"widget\" data-e-type=\"widget\" data-widget_type=\"eael-contact-form-7.default\">\n\t\t\t\t\t<div class=\"eael-contact-form-7-wrapper\">\n                <div class=\"eael-contact-form eael-contact-form-7 eael-contact-form-06e0cd6 placeholder-show eael-contact-form-align-default\">\n<div class=\"wpcf7 no-js\" id=\"wpcf7-f4203-o1\" lang=\"es-ES\" dir=\"ltr\" data-wpcf7-id=\"4203\">\n<div class=\"screen-reader-response\"><p role=\"status\" aria-live=\"polite\" aria-atomic=\"true\"><\/p> <ul><\/ul><\/div>\n<form action=\"\/ca\/wp-json\/wp\/v2\/pages\/2977#wpcf7-f4203-o1\" method=\"post\" class=\"wpcf7-form init\" aria-label=\"Formulario de contacto\" novalidate=\"novalidate\" data-status=\"init\">\n<fieldset class=\"hidden-fields-container\"><input type=\"hidden\" name=\"_wpcf7\" value=\"4203\" \/><input type=\"hidden\" name=\"_wpcf7_version\" value=\"6.1.5\" \/><input type=\"hidden\" name=\"_wpcf7_locale\" value=\"es_ES\" \/><input type=\"hidden\" name=\"_wpcf7_unit_tag\" value=\"wpcf7-f4203-o1\" \/><input type=\"hidden\" name=\"_wpcf7_container_post\" value=\"0\" \/><input type=\"hidden\" name=\"_wpcf7_posted_data_hash\" value=\"\" \/>\n<\/fieldset>\n<p><label>Nombre*<br \/>\n<span class=\"wpcf7-form-control-wrap\" data-name=\"nombre\"><input size=\"40\" maxlength=\"400\" class=\"wpcf7-form-control wpcf7-text wpcf7-validates-as-required\" aria-required=\"true\" aria-invalid=\"false\" value=\"\" type=\"text\" name=\"nombre\" \/><\/span><br \/>\n<\/label>\n<\/p>\n<p><label>Apellido*<br \/>\n<span class=\"wpcf7-form-control-wrap\" data-name=\"apellido\"><input size=\"40\" maxlength=\"400\" class=\"wpcf7-form-control wpcf7-text wpcf7-validates-as-required\" aria-required=\"true\" aria-invalid=\"false\" value=\"\" type=\"text\" name=\"apellido\" \/><\/span><br \/>\n<\/label>\n<\/p>\n<p><label>Correo electr\u00f3nico*<br \/>\n<span class=\"wpcf7-form-control-wrap\" data-name=\"email\"><input size=\"40\" maxlength=\"400\" class=\"wpcf7-form-control wpcf7-email wpcf7-validates-as-required wpcf7-text wpcf7-validates-as-email\" aria-required=\"true\" aria-invalid=\"false\" value=\"\" type=\"email\" name=\"email\" \/><\/span><br \/>\n<\/label>\n<\/p>\n<p><label>Localidad<br \/>\n<span class=\"wpcf7-form-control-wrap\" data-name=\"localidad\"><input size=\"40\" maxlength=\"400\" class=\"wpcf7-form-control wpcf7-text\" aria-invalid=\"false\" value=\"\" type=\"text\" name=\"localidad\" \/><\/span><br \/>\n<\/label>\n<\/p>\n<p><span class=\"wpcf7-form-control-wrap\" data-name=\"acceptance-518\"><span class=\"wpcf7-form-control wpcf7-acceptance\"><span class=\"wpcf7-list-item\"><label><input type=\"checkbox\" name=\"acceptance-518\" value=\"1\" aria-invalid=\"false\" \/><span class=\"wpcf7-list-item-label\">He le\u00eddo y acepto la <a href=\"https:\/\/chebro100.com\/politica-de-privacidad\" target=\"_blank\">pol\u00edtica de privacidad<\/a><\/span><\/label><\/span><\/span><\/span>\n<\/p>\n<p><input class=\"wpcf7-form-control wpcf7-submit has-spinner\" type=\"submit\" value=\"Enviar\" \/>\n<\/p><div class=\"wpcf7-response-output\" aria-hidden=\"true\"><\/div>\n<\/form>\n<\/div>\n<\/div>\n            <\/div>\t\t\t\t<\/div>\n\t\t\t\t<div class=\"elementor-element elementor-element-207bb9e elementor-widget__width-initial elementor-hidden-desktop elementor-hidden-tablet elementor-hidden-mobile elementor-button-align-stretch elementor-widget elementor-widget-form\" data-id=\"207bb9e\" data-element_type=\"widget\" data-e-type=\"widget\" data-settings=\"{&quot;step_next_label&quot;:&quot;Seg\\u00fcent&quot;,&quot;step_previous_label&quot;:&quot;Anterior&quot;,&quot;button_width&quot;:&quot;100&quot;,&quot;dce_confirm_dialog_enabled&quot;:&quot;no&quot;,&quot;step_type&quot;:&quot;number_text&quot;,&quot;step_icon_shape&quot;:&quot;circle&quot;,&quot;label_icon_size&quot;:{&quot;unit&quot;:&quot;px&quot;,&quot;size&quot;:&quot;&quot;,&quot;sizes&quot;:[]},&quot;field_icon_size&quot;:{&quot;unit&quot;:&quot;px&quot;,&quot;size&quot;:&quot;&quot;,&quot;sizes&quot;:[]}}\" data-widget_type=\"form.default\">\n\t\t\t\t\t\t\t<form class=\"elementor-form\" method=\"post\" name=\"Nou formulari\" aria-label=\"Nou formulari\">\n\t\t\t<input type=\"hidden\" name=\"post_id\" value=\"2977\"\/>\n\t\t\t<input type=\"hidden\" name=\"form_id\" value=\"207bb9e\"\/>\n\t\t\t<input type=\"hidden\" name=\"referer_title\" value=\"Subscripci\u00f3 al butllet\u00ed - Chebro100\" \/>\n\n\t\t\t\t\t\t\t<input type=\"hidden\" name=\"queried_id\" value=\"2977\"\/>\n\t\t\t\n\t\t\t<div class=\"elementor-form-fields-wrapper elementor-labels-above\">\n\t\t\t\t\t\t\t\t<div class=\"elementor-field-type-text elementor-field-group elementor-column elementor-field-group-NOMBRE elementor-col-50 elementor-field-required elementor-mark-required\">\n\t\t\t\t\t\t\t\t\t\t\t\t<label for=\"form-field-NOMBRE\" class=\"elementor-field-label\">\n\t\t\t\t\t\t\t\tNom\t\t\t\t\t\t\t<\/label>\n\t\t\t\t\t\t\t\t\t\t\t\t\t\t<input size=\"1\" type=\"text\" name=\"form_fields[NOMBRE]\" id=\"form-field-NOMBRE\" class=\"elementor-field elementor-size-sm  elementor-field-textual\" required=\"required\">\n\t\t\t\t\t\t\t\t\t\t\t<\/div>\n\t\t\t\t\t\t\t\t<div class=\"elementor-field-type-text elementor-field-group elementor-column elementor-field-group-APELLIDO elementor-col-50 elementor-field-required elementor-mark-required\">\n\t\t\t\t\t\t\t\t\t\t\t\t<label for=\"form-field-APELLIDO\" class=\"elementor-field-label\">\n\t\t\t\t\t\t\t\tCognom\t\t\t\t\t\t\t<\/label>\n\t\t\t\t\t\t\t\t\t\t\t\t\t\t<input size=\"1\" type=\"text\" name=\"form_fields[APELLIDO]\" id=\"form-field-APELLIDO\" class=\"elementor-field elementor-size-sm  elementor-field-textual\" required=\"required\">\n\t\t\t\t\t\t\t\t\t\t\t<\/div>\n\t\t\t\t\t\t\t\t<div class=\"elementor-field-type-email elementor-field-group elementor-column elementor-field-group-email elementor-col-100 elementor-field-required elementor-mark-required\">\n\t\t\t\t\t\t\t\t\t\t\t\t<label for=\"form-field-email\" class=\"elementor-field-label\">\n\t\t\t\t\t\t\t\tEmail\t\t\t\t\t\t\t<\/label>\n\t\t\t\t\t\t\t\t\t\t\t\t\t\t<input size=\"1\" type=\"email\" name=\"form_fields[email]\" id=\"form-field-email\" class=\"elementor-field elementor-size-sm  elementor-field-textual\" required=\"required\">\n\t\t\t\t\t\t\t\t\t\t\t<\/div>\n\t\t\t\t\t\t\t\t<div class=\"elementor-field-type-text elementor-field-group elementor-column elementor-field-group-LOCALIDAD elementor-col-100\">\n\t\t\t\t\t\t\t\t\t\t\t\t<label for=\"form-field-LOCALIDAD\" class=\"elementor-field-label\">\n\t\t\t\t\t\t\t\tLocalitat\t\t\t\t\t\t\t<\/label>\n\t\t\t\t\t\t\t\t\t\t\t\t\t\t<input size=\"1\" type=\"text\" name=\"form_fields[LOCALIDAD]\" id=\"form-field-LOCALIDAD\" class=\"elementor-field elementor-size-sm  elementor-field-textual\">\n\t\t\t\t\t\t\t\t\t\t\t<\/div>\n\t\t\t\t\t\t\t\t<div class=\"elementor-field-type-acceptance elementor-field-group elementor-column elementor-field-group-field_7ac3166 elementor-col-100 elementor-field-required elementor-mark-required\">\n\t\t\t\t\t\t\t<div class=\"elementor-field-subgroup\">\n\t\t\t<span class=\"elementor-field-option\">\n\t\t\t\t<input type=\"checkbox\" name=\"form_fields[field_7ac3166]\" id=\"form-field-field_7ac3166\" class=\"elementor-field elementor-size-sm  elementor-acceptance-field\" required=\"required\">\n\t\t\t\t<label for=\"form-field-field_7ac3166\">He llegit i accepto la <a href=\"https:\/\/chebro100.com\/ca\/politica-de-privadesa\/\">pol\u00edtica de privadesa*<\/a><\/label>\t\t\t<\/span>\n\t\t<\/div>\n\t\t\t\t\t\t<\/div>\n\t\t\t\t\t\t\t\t<div class=\"elementor-field-type-recaptcha_v3 elementor-field-group elementor-column elementor-field-group-field_4496a2a elementor-col-100 recaptcha_v3-bottomright\">\n\t\t\t\t\t<div class=\"elementor-field\" id=\"form-field-field_4496a2a\"><div class=\"elementor-g-recaptcha\" data-sitekey=\"6LejWhAsAAAAAPJztN_mPgY7VmXqO58Nfa39IlxY\" data-type=\"v3\" data-action=\"Form\" data-badge=\"bottomright\" data-size=\"invisible\"><\/div><\/div>\t\t\t\t<\/div>\n\t\t\t\t\t\t\t\t<div class=\"elementor-field-group elementor-column elementor-field-type-submit elementor-col-100 e-form__buttons\">\n\t\t\t\t\t<button class=\"elementor-button elementor-size-sm\" type=\"submit\">\n\t\t\t\t\t\t<span class=\"elementor-button-content-wrapper\">\n\t\t\t\t\t\t\t\t\t\t\t\t\t\t\t\t\t\t\t\t\t\t<span class=\"elementor-button-text\">Enviar<\/span>\n\t\t\t\t\t\t\t\t\t\t\t\t\t<\/span>\n\t\t\t\t\t<\/button>\n\t\t\t\t<\/div>\n\t\t\t<\/div>\n\t\t<\/form>\n\t\t\t\t\t\t<\/div>\n\t\t\t\t<div class=\"elementor-element elementor-element-4927e75 elementor-widget__width-initial elementor-widget elementor-widget-text-editor\" data-id=\"4927e75\" data-element_type=\"widget\" data-e-type=\"widget\" data-widget_type=\"text-editor.default\">\n\t\t\t\t\t\t\t\t\t<p>Responsable: Confederaci\u00f3n Hidrogr\u00e1fica del Ebro. Passeig Sagasta, 24-26, 50071 Saragossa. <br>Email: <a href=\"mailto:comunicacion@chebro100.com\">comunicacion@chebro100.com<\/a>. Finalitat: Gestionar la seva subscripci\u00f3 al butllet\u00ed electr\u00f2nic de Confederaci\u00f3n Hidrogr\u00e1fica del Ebro. Legitimaci\u00f3: Consentiment de l&#8217;interessat. Destinataris: Les seves dades seran cedides a l&#8217;empresa Acumbamail com a encarregada de tractament per a realitzar l&#8217;enviament dels butlletins electr\u00f2nics. Drets: Accedir, rectificar i suprimir, aix\u00ed com altres drets, com s&#8217;indica en la informaci\u00f3 addicional. Informaci\u00f3 addicional: Pot consultar la informaci\u00f3 completa de Protecci\u00f3 de Dades en la nostra <a href=\"https:\/\/chebro100.com\/ca\/politica-de-privadesa\/\">pol\u00edtica de privacitat.<\/a><\/p>\t\t\t\t\t\t\t\t<\/div>\n\t\t\t\t\t<\/div>\n\t\t\t\t<\/div>\n\t\t<div data-particle_enable=\"false\" data-particle-mobile-disabled=\"false\" class=\"elementor-element elementor-element-3571f6b e-flex e-con-boxed e-con e-parent\" data-id=\"3571f6b\" data-element_type=\"container\" data-e-type=\"container\" data-settings=\"{&quot;background_background&quot;:&quot;classic&quot;}\">\n\t\t\t\t\t<div class=\"e-con-inner\">\n\t\t\t\t<div class=\"elementor-element elementor-element-8f3aa43 elementor-widget elementor-widget-spacer\" data-id=\"8f3aa43\" data-element_type=\"widget\" data-e-type=\"widget\" data-widget_type=\"spacer.default\">\n\t\t\t\t\t\t\t<div class=\"elementor-spacer\">\n\t\t\t<div class=\"elementor-spacer-inner\"><\/div>\n\t\t<\/div>\n\t\t\t\t\t\t<\/div>\n\t\t\t\t\t<\/div>\n\t\t\t\t<\/div>\n\t\t\t\t<\/div>\n\t\t","protected":false},"excerpt":{"rendered":"<p>Subscriu-te al nostre butllet\u00ed Mantente informat\/a de les novetats del centenari de la Confederaci\u00f3n Hidrogr\u00e1fica del Ebro Nombre* Apellido* Correo electr\u00f3nico* Localidad He le\u00eddo y acepto la pol\u00edtica de privacidad [&hellip;]<\/p>\n","protected":false},"author":1,"featured_media":0,"parent":0,"menu_order":0,"comment_status":"closed","ping_status":"closed","template":"","meta":{"_acf_changed":false,"_EventAllDay":false,"_EventTimezone":"","_EventStartDate":"","_EventEndDate":"","_EventStartDateUTC":"","_EventEndDateUTC":"","_EventShowMap":false,"_EventShowMapLink":false,"_EventURL":"","_EventCost":"","_EventCostDescription":"","_EventCurrencySymbol":"","_EventCurrencyCode":"","_EventCurrencyPosition":"","_EventDateTimeSeparator":"","_EventTimeRangeSeparator":"","_EventOrganizerID":[],"_EventVenueID":[],"_OrganizerEmail":"","_OrganizerPhone":"","_OrganizerWebsite":"","_VenueAddress":"","_VenueCity":"","_VenueCountry":"","_VenueProvince":"","_VenueState":"","_VenueZip":"","_VenuePhone":"","_VenueURL":"","_VenueStateProvince":"","_VenueLat":"","_VenueLng":"","_VenueShowMap":false,"_VenueShowMapLink":false,"footnotes":""},"class_list":["post-2977","page","type-page","status-publish","hentry"],"acf":[],"yoast_head":"<!-- This site is optimized with the Yoast SEO plugin v27.3 - https:\/\/yoast.com\/product\/yoast-seo-wordpress\/ -->\n<title>Subscripci\u00f3 al butllet\u00ed - Chebro100<\/title>\n<meta name=\"robots\" content=\"index, follow, max-snippet:-1, max-image-preview:large, max-video-preview:-1\" \/>\n<link rel=\"canonical\" href=\"https:\/\/chebro100.com\/ca\/subscripcio-al-butlleti\/\" \/>\n<meta property=\"og:locale\" content=\"ca_ES\" \/>\n<meta property=\"og:type\" content=\"article\" \/>\n<meta property=\"og:title\" content=\"Subscripci\u00f3 al butllet\u00ed - Chebro100\" \/>\n<meta property=\"og:description\" content=\"Subscriu-te al nostre butllet\u00ed Mantente informat\/a de les novetats del centenari de la Confederaci\u00f3n Hidrogr\u00e1fica del Ebro Nombre* Apellido* Correo electr\u00f3nico* Localidad He le\u00eddo y acepto la pol\u00edtica de privacidad [&hellip;]\" \/>\n<meta property=\"og:url\" content=\"https:\/\/chebro100.com\/ca\/subscripcio-al-butlleti\/\" \/>\n<meta property=\"og:site_name\" content=\"Chebro100\" \/>\n<meta property=\"article:modified_time\" content=\"2026-02-24T15:40:19+00:00\" \/>\n<meta name=\"twitter:card\" content=\"summary_large_image\" \/>\n<meta name=\"twitter:label1\" content=\"Temps estimat de lectura\" \/>\n\t<meta name=\"twitter:data1\" content=\"1 minut\" \/>\n<script type=\"application\/ld+json\" class=\"yoast-schema-graph\">{\"@context\":\"https:\\\/\\\/schema.org\",\"@graph\":[{\"@type\":\"WebPage\",\"@id\":\"https:\\\/\\\/chebro100.com\\\/ca\\\/subscripcio-al-butlleti\\\/\",\"url\":\"https:\\\/\\\/chebro100.com\\\/ca\\\/subscripcio-al-butlleti\\\/\",\"name\":\"Subscripci\u00f3 al butllet\u00ed - Chebro100\",\"isPartOf\":{\"@id\":\"https:\\\/\\\/chebro100.com\\\/ca\\\/#website\"},\"datePublished\":\"2025-09-04T06:35:46+00:00\",\"dateModified\":\"2026-02-24T15:40:19+00:00\",\"breadcrumb\":{\"@id\":\"https:\\\/\\\/chebro100.com\\\/ca\\\/subscripcio-al-butlleti\\\/#breadcrumb\"},\"inLanguage\":\"ca\",\"potentialAction\":[{\"@type\":\"ReadAction\",\"target\":[\"https:\\\/\\\/chebro100.com\\\/ca\\\/subscripcio-al-butlleti\\\/\"]}]},{\"@type\":\"BreadcrumbList\",\"@id\":\"https:\\\/\\\/chebro100.com\\\/ca\\\/subscripcio-al-butlleti\\\/#breadcrumb\",\"itemListElement\":[{\"@type\":\"ListItem\",\"position\":1,\"name\":\"Portada\",\"item\":\"https:\\\/\\\/chebro100.com\\\/ca\\\/\"},{\"@type\":\"ListItem\",\"position\":2,\"name\":\"Subscripci\u00f3 al butllet\u00ed\"}]},{\"@type\":\"WebSite\",\"@id\":\"https:\\\/\\\/chebro100.com\\\/ca\\\/#website\",\"url\":\"https:\\\/\\\/chebro100.com\\\/ca\\\/\",\"name\":\"Chebro100\",\"description\":\"\",\"publisher\":{\"@id\":\"https:\\\/\\\/chebro100.com\\\/ca\\\/#organization\"},\"potentialAction\":[{\"@type\":\"SearchAction\",\"target\":{\"@type\":\"EntryPoint\",\"urlTemplate\":\"https:\\\/\\\/chebro100.com\\\/ca\\\/?s={search_term_string}\"},\"query-input\":{\"@type\":\"PropertyValueSpecification\",\"valueRequired\":true,\"valueName\":\"search_term_string\"}}],\"inLanguage\":\"ca\"},{\"@type\":\"Organization\",\"@id\":\"https:\\\/\\\/chebro100.com\\\/ca\\\/#organization\",\"name\":\"Chebro100\",\"url\":\"https:\\\/\\\/chebro100.com\\\/ca\\\/\",\"logo\":{\"@type\":\"ImageObject\",\"inLanguage\":\"ca\",\"@id\":\"https:\\\/\\\/chebro100.com\\\/ca\\\/#\\\/schema\\\/logo\\\/image\\\/\",\"url\":\"https:\\\/\\\/chebro100.com\\\/wp-content\\\/uploads\\\/2025\\\/08\\\/Logotipo-centenario-variaciones_Color-con-claim_Color-logotipo-e1754302328400.png\",\"contentUrl\":\"https:\\\/\\\/chebro100.com\\\/wp-content\\\/uploads\\\/2025\\\/08\\\/Logotipo-centenario-variaciones_Color-con-claim_Color-logotipo-e1754302328400.png\",\"width\":2450,\"height\":792,\"caption\":\"Chebro100\"},\"image\":{\"@id\":\"https:\\\/\\\/chebro100.com\\\/ca\\\/#\\\/schema\\\/logo\\\/image\\\/\"}}]}<\/script>\n<!-- \/ Yoast SEO plugin. -->","yoast_head_json":{"title":"Subscripci\u00f3 al butllet\u00ed - Chebro100","robots":{"index":"index","follow":"follow","max-snippet":"max-snippet:-1","max-image-preview":"max-image-preview:large","max-video-preview":"max-video-preview:-1"},"canonical":"https:\/\/chebro100.com\/ca\/subscripcio-al-butlleti\/","og_locale":"ca_ES","og_type":"article","og_title":"Subscripci\u00f3 al butllet\u00ed - Chebro100","og_description":"Subscriu-te al nostre butllet\u00ed Mantente informat\/a de les novetats del centenari de la Confederaci\u00f3n Hidrogr\u00e1fica del Ebro Nombre* Apellido* Correo electr\u00f3nico* Localidad He le\u00eddo y acepto la pol\u00edtica de privacidad [&hellip;]","og_url":"https:\/\/chebro100.com\/ca\/subscripcio-al-butlleti\/","og_site_name":"Chebro100","article_modified_time":"2026-02-24T15:40:19+00:00","twitter_card":"summary_large_image","twitter_misc":{"Temps estimat de lectura":"1 minut"},"schema":{"@context":"https:\/\/schema.org","@graph":[{"@type":"WebPage","@id":"https:\/\/chebro100.com\/ca\/subscripcio-al-butlleti\/","url":"https:\/\/chebro100.com\/ca\/subscripcio-al-butlleti\/","name":"Subscripci\u00f3 al butllet\u00ed - Chebro100","isPartOf":{"@id":"https:\/\/chebro100.com\/ca\/#website"},"datePublished":"2025-09-04T06:35:46+00:00","dateModified":"2026-02-24T15:40:19+00:00","breadcrumb":{"@id":"https:\/\/chebro100.com\/ca\/subscripcio-al-butlleti\/#breadcrumb"},"inLanguage":"ca","potentialAction":[{"@type":"ReadAction","target":["https:\/\/chebro100.com\/ca\/subscripcio-al-butlleti\/"]}]},{"@type":"BreadcrumbList","@id":"https:\/\/chebro100.com\/ca\/subscripcio-al-butlleti\/#breadcrumb","itemListElement":[{"@type":"ListItem","position":1,"name":"Portada","item":"https:\/\/chebro100.com\/ca\/"},{"@type":"ListItem","position":2,"name":"Subscripci\u00f3 al butllet\u00ed"}]},{"@type":"WebSite","@id":"https:\/\/chebro100.com\/ca\/#website","url":"https:\/\/chebro100.com\/ca\/","name":"Chebro100","description":"","publisher":{"@id":"https:\/\/chebro100.com\/ca\/#organization"},"potentialAction":[{"@type":"SearchAction","target":{"@type":"EntryPoint","urlTemplate":"https:\/\/chebro100.com\/ca\/?s={search_term_string}"},"query-input":{"@type":"PropertyValueSpecification","valueRequired":true,"valueName":"search_term_string"}}],"inLanguage":"ca"},{"@type":"Organization","@id":"https:\/\/chebro100.com\/ca\/#organization","name":"Chebro100","url":"https:\/\/chebro100.com\/ca\/","logo":{"@type":"ImageObject","inLanguage":"ca","@id":"https:\/\/chebro100.com\/ca\/#\/schema\/logo\/image\/","url":"https:\/\/chebro100.com\/wp-content\/uploads\/2025\/08\/Logotipo-centenario-variaciones_Color-con-claim_Color-logotipo-e1754302328400.png","contentUrl":"https:\/\/chebro100.com\/wp-content\/uploads\/2025\/08\/Logotipo-centenario-variaciones_Color-con-claim_Color-logotipo-e1754302328400.png","width":2450,"height":792,"caption":"Chebro100"},"image":{"@id":"https:\/\/chebro100.com\/ca\/#\/schema\/logo\/image\/"}}]}},"_links":{"self":[{"href":"https:\/\/chebro100.com\/ca\/wp-json\/wp\/v2\/pages\/2977","targetHints":{"allow":["GET"]}}],"collection":[{"href":"https:\/\/chebro100.com\/ca\/wp-json\/wp\/v2\/pages"}],"about":[{"href":"https:\/\/chebro100.com\/ca\/wp-json\/wp\/v2\/types\/page"}],"author":[{"embeddable":true,"href":"https:\/\/chebro100.com\/ca\/wp-json\/wp\/v2\/users\/1"}],"replies":[{"embeddable":true,"href":"https:\/\/chebro100.com\/ca\/wp-json\/wp\/v2\/comments?post=2977"}],"version-history":[{"count":5,"href":"https:\/\/chebro100.com\/ca\/wp-json\/wp\/v2\/pages\/2977\/revisions"}],"predecessor-version":[{"id":4975,"href":"https:\/\/chebro100.com\/ca\/wp-json\/wp\/v2\/pages\/2977\/revisions\/4975"}],"wp:attachment":[{"href":"https:\/\/chebro100.com\/ca\/wp-json\/wp\/v2\/media?parent=2977"}],"curies":[{"name":"wp","href":"https:\/\/api.w.org\/{rel}","templated":true}]}}